{"id":259,"date":"2023-05-01T04:10:23","date_gmt":"2023-05-01T04:10:23","guid":{"rendered":"https:\/\/santuariodeladiosa.com\/?post_type=product&#038;p=259"},"modified":"2026-01-26T17:42:56","modified_gmt":"2026-01-26T17:42:56","slug":"los-misterios-sagrados","status":"publish","type":"product","link":"https:\/\/santuariodeladiosa.com\/?product=los-misterios-sagrados","title":{"rendered":"Los Misterios Sagrados"},"content":{"rendered":"","protected":false},"excerpt":{"rendered":"<p><span style=\"font-size: 14pt;\">Creer que la Brujer\u00eda solo se trata de hechizos y rituales es tan ingenuo como subestimar el poder la Magia. En &#8220;Los Misterios Sagrados&#8221; Holkroft nos adentra sutilmente en la profundidad filos\u00f3fica de la Brujer\u00eda Ancestral. Este es el verdadero rostro de la Brujer\u00eda detr\u00e1s de todas sus pr\u00e1cticas, nos comparte sus apuntes y reflexiones de un mundo tan misterioso para muchos&#8230;<\/span><\/p>\n<p><strong><span style=\"font-size: 14pt;\">PDF con m\u00e1s de 250 paginas donde comenzar a descifrar la Brujer\u00eda Ancestral, este corresponde solo al primer tomo.<\/span><\/strong><\/p>\n","protected":false},"featured_media":260,"comment_status":"open","ping_status":"closed","template":"","meta":{"om_disable_all_campaigns":false},"product_cat":[15],"product_tag":[],"acf":[],"_links":{"self":[{"href":"https:\/\/santuariodeladiosa.com\/index.php?rest_route=\/wp\/v2\/product\/259"}],"collection":[{"href":"https:\/\/santuariodeladiosa.com\/index.php?rest_route=\/wp\/v2\/product"}],"about":[{"href":"https:\/\/santuariodeladiosa.com\/index.php?rest_route=\/wp\/v2\/types\/product"}],"replies":[{"embeddable":true,"href":"https:\/\/santuariodeladiosa.com\/index.php?rest_route=%2Fwp%2Fv2%2Fcomments&post=259"}],"wp:featuredmedia":[{"embeddable":true,"href":"https:\/\/santuariodeladiosa.com\/index.php?rest_route=\/wp\/v2\/media\/260"}],"wp:attachment":[{"href":"https:\/\/santuariodeladiosa.com\/index.php?rest_route=%2Fwp%2Fv2%2Fmedia&parent=259"}],"wp:term":[{"taxonomy":"product_cat","embeddable":true,"href":"https:\/\/santuariodeladiosa.com\/index.php?rest_route=%2Fwp%2Fv2%2Fproduct_cat&post=259"},{"taxonomy":"product_tag","embeddable":true,"href":"https:\/\/santuariodeladiosa.com\/index.php?rest_route=%2Fwp%2Fv2%2Fproduct_tag&post=259"}],"curies":[{"name":"wp","href":"https:\/\/api.w.org\/{rel}","templated":true}]}}