{"id":257,"date":"2023-05-01T03:19:29","date_gmt":"2023-05-01T03:19:29","guid":{"rendered":"https:\/\/santuariodeladiosa.com\/?post_type=product&#038;p=257"},"modified":"2026-01-26T17:43:43","modified_gmt":"2026-01-26T17:43:43","slug":"libro-de-sombras-brujeria-ancestral","status":"publish","type":"product","link":"https:\/\/santuariodeladiosa.com\/?product=libro-de-sombras-brujeria-ancestral","title":{"rendered":"Libro de Sombras: Brujer\u00eda Ancestral"},"content":{"rendered":"","protected":false},"excerpt":{"rendered":"<p><span style=\"font-size: 14pt;\">\u00bfQuieres conocer la Brujer\u00eda Ancestral? Descubre nuestras tradiciones y costumbras Paganas, sum\u00e9rgete en el maravilloso mundo de los Brujos y aprende todo lo esencial para comenzar tu pr\u00e1ctica. Este es el libro de cabecera para cualquier estudiante del Santuario de la Diosa. Te encontrar\u00e1s un PDF con m\u00e1s de 400 p\u00e1ginas dedicadas a las practicas m\u00e1gicas en la Brujer\u00eda Ancestral. Este libro es una compilaci\u00f3n de las ense\u00f1anzas recibidas por Holkroft de manos de sus maestros de Brujer\u00eda y las notas de campo de su propia experiencia&#8230;<\/span><\/p>\n","protected":false},"featured_media":258,"comment_status":"open","ping_status":"closed","template":"","meta":{"om_disable_all_campaigns":false},"product_cat":[15],"product_tag":[],"acf":[],"_links":{"self":[{"href":"https:\/\/santuariodeladiosa.com\/index.php?rest_route=\/wp\/v2\/product\/257"}],"collection":[{"href":"https:\/\/santuariodeladiosa.com\/index.php?rest_route=\/wp\/v2\/product"}],"about":[{"href":"https:\/\/santuariodeladiosa.com\/index.php?rest_route=\/wp\/v2\/types\/product"}],"replies":[{"embeddable":true,"href":"https:\/\/santuariodeladiosa.com\/index.php?rest_route=%2Fwp%2Fv2%2Fcomments&post=257"}],"wp:featuredmedia":[{"embeddable":true,"href":"https:\/\/santuariodeladiosa.com\/index.php?rest_route=\/wp\/v2\/media\/258"}],"wp:attachment":[{"href":"https:\/\/santuariodeladiosa.com\/index.php?rest_route=%2Fwp%2Fv2%2Fmedia&parent=257"}],"wp:term":[{"taxonomy":"product_cat","embeddable":true,"href":"https:\/\/santuariodeladiosa.com\/index.php?rest_route=%2Fwp%2Fv2%2Fproduct_cat&post=257"},{"taxonomy":"product_tag","embeddable":true,"href":"https:\/\/santuariodeladiosa.com\/index.php?rest_route=%2Fwp%2Fv2%2Fproduct_tag&post=257"}],"curies":[{"name":"wp","href":"https:\/\/api.w.org\/{rel}","templated":true}]}}