{"id":72,"date":"2023-04-06T18:54:38","date_gmt":"2023-04-06T18:54:38","guid":{"rendered":"https:\/\/santuariodeladiosa.com\/?page_id=72"},"modified":"2026-01-28T20:32:11","modified_gmt":"2026-01-28T20:32:11","slug":"biblioteca-pagana","status":"publish","type":"page","link":"https:\/\/santuariodeladiosa.com\/?page_id=72","title":{"rendered":"Biblioteca Pagana"},"content":{"rendered":"\n\n\t\t\t\t<img decoding=\"async\" src=\"https:\/\/santuariodeladiosa.com\/wp-content\/uploads\/2026\/01\/Web-Site-Video-34.png\" alt=\"Web Site - Video (34)\" itemprop=\"image\" height=\"1000\" width=\"1300\" title=\"Web Site - Video (34)\" onerror=\"this.style.display='none'\" loading=\"lazy\" \/>\n\t<p>Te damos la bienvenida a nuestra <em><strong>Biblioteca Pagana<\/strong> <\/em>(digital), aqu\u00ed podr\u00e1s encontrar una gran colecci\u00f3n de libros en PDF que de seguro ser\u00e1n muy \u00fatiles para tu aprendizaje en los caminos del <em><strong>Paganismo<\/strong><\/em>. Estos textos est\u00e1n disponibles para ti de manera gratuita y con la \u00fanica finalidad de que puedas emplearlos en tu aprendizaje. Como <em><strong>Santuario<\/strong> <\/em>te invitamos a adquirir de manera formal los textos originales y dar as\u00ed el apoyo que sus autores merecen&#8230;<\/p>\n<p>Esta colecci\u00f3n corresponde a textos revisados por la c<em>omunidad del<strong> Santuario de la Diosa<\/strong><\/em> y contin\u00faa actualiz\u00e1ndose constantemente, puedes seguir las novedades del listado de textos disponibles a trav\u00e9s de nuestras re<em>des sociales.<\/em><\/p>\n<p><em><strong>\u00a1Disfruta el contenido!<\/strong> \u00a1que se expanda el conocimiento! \u00a1crezcamos como una comunidad informada, estudiosa, reflexiva y con criterio amplio!<\/em><\/p>\n<p><em><strong>Aqu\u00ed solo encontrar\u00e1s un breve resumen con lo esencial para comenzar a estudiar<\/strong><\/em> &#8211; nuestra <em><strong>Biblioteca<\/strong><\/em> completa tiene una colecci\u00f3n con m\u00e1s de <em><strong>1000 E-books<\/strong><\/em> (en espa\u00f1ol) que se encuentran disponibles para los estudiantes de nuestros cursos.<\/p>\n\t<p><em><strong>Chamanismo:<\/strong><\/em><\/p>\n<ul>\n<li><a href=\"https:\/\/drive.google.com\/file\/d\/1vSYl0HgFI2f4SbIrrFCwxVt_Vuw_N60D\/view?usp=drive_link\"><em><strong>El Chamanismo y las T\u00e9cnicas Arcaicas del \u00c9xtasis<\/strong><\/em> &#8211; Mircea Eliade<\/a><\/li>\n<li><a href=\"https:\/\/drive.google.com\/file\/d\/1hZlk0lw6vFrW1j0_1x7wHrKjMXFrITaz\/view?usp=drive_link\"><em><strong>Chamanes a trav\u00e9s de los Tiempos<\/strong> <\/em>&#8211; Nearby Y Huxley\u00a0<\/a><\/li>\n<li><a href=\"https:\/\/drive.google.com\/file\/d\/1vD3HKdfVjZIQnwK-U30iFUO4t_qYL2sv\/view?usp=drive_link\"><em><strong>Los Chamanismos a Revisi\u00f3n<\/strong><\/em> &#8211; Joseph Fericgla<\/a><\/li>\n<li><a href=\"https:\/\/drive.google.com\/file\/d\/1mWvJ_4WTQ13OMtii6ps0D1AbOVeyjfjb\/view?usp=drive_link\"><strong><em>Los Chamanes De M\u00e9xico (Vol I)<\/em> <\/strong>&#8211; Jacobo Grinberg<\/a><\/li>\n<li><a href=\"https:\/\/drive.google.com\/file\/d\/1XwdTRMtoa-XM40cZfG7NkTEnsLDo0ahs\/view?usp=drive_link\"><strong><em>Los Chamanes De M\u00e9xico (Vol II)<\/em> <\/strong>&#8211; Jacobo Grinberg<\/a><\/li>\n<li><a href=\"https:\/\/drive.google.com\/file\/d\/1BuyRYnoqUlo4dC21KPVav6PDX9ocapPS\/view?usp=drive_link\"><em><strong>Cham\u00e1n &#8220;El camino Tolteca&#8221; (Parte I)<\/strong><\/em> &#8211; Ken Eagle Feather<\/a><\/li>\n<li><a href=\"https:\/\/drive.google.com\/file\/d\/1XVJYHT7ipMrl20sgaqRZ51HWpF9zfo9Y\/view?usp=drive_link\"><em><strong>Cham\u00e1n &#8220;El camino Tolteca&#8221; (Parte II)<\/strong><\/em> &#8211; Ken Eagle Feather<\/a><\/li>\n<li><a href=\"https:\/\/drive.google.com\/file\/d\/1Yo0L_xNvzyhimTJeTw9a3BQ4YvthDC2l\/view?usp=drive_link\"><em><strong>Los cuatro Acuerdos (Sabidur\u00eda Tolteca)<\/strong><\/em> &#8211; Miguel Ruiz<\/a><\/li>\n<\/ul>\n\t<p><em><strong>Paganismo:<\/strong><\/em><\/p>\n<ul>\n<li><a href=\"https:\/\/drive.google.com\/file\/d\/1zAAaDRArOka66S1hlqBHXsfagcfLKh5N\/view?usp=drive_link\"><em><strong>El Dios de los Brujos<\/strong> <\/em>&#8211; Margaret Murray<\/a><\/li>\n<li><a href=\"https:\/\/drive.google.com\/file\/d\/1J3DFF4UqC0NFLSnOo-vKrfrnO4IG71oJ\/view?usp=drive_link\"><em><strong>La Brujer\u00eda de hoy<\/strong><\/em> &#8211; Gerald Gardner\u00a0<\/a><\/li>\n<li><a href=\"https:\/\/drive.google.com\/file\/d\/1xPVWE29UKbCM6M0bVClEgTVrERTKAgVp\/view?usp=drive_link\"><em><strong>Sobre los Misterios Egipcios<\/strong> <\/em>&#8211; Pacheco S\u00e1nchez<\/a><\/li>\n<li><a href=\"https:\/\/drive.google.com\/file\/d\/1iEqRXaEdkceOr4kuIleiTVKP4Nk2Whnn\/view?usp=drive_link\"><em><strong>Odinismo y Asatr\u00fa (La Religi\u00f3n y el Culto Vikingo)<\/strong><\/em><\/a><\/li>\n<li><a href=\"https:\/\/drive.google.com\/file\/d\/1h5yaw5_YAAy4F7m7x8eccIHkT5ZaVUyD\/view?usp=drive_link\"><em><strong>Druidas (El esp\u00edritu del mundo Celta)<\/strong><\/em><\/a><\/li>\n<li><a href=\"https:\/\/drive.google.com\/file\/d\/1DlT67POm1GbK-24ucnYHYfVi8xviOefT\/view?usp=drive_link\"><em><strong>Introducci\u00f3n al Asatr\u00fa<\/strong><\/em> &#8211; David Wolfheart<\/a><\/li>\n<li><a href=\"https:\/\/drive.google.com\/file\/d\/1LyM0gWf37mw8LYUgsKiUQyCFo_rieuyZ\/view?usp=drive_link\"><em><strong>H\u00e9cate (entre la vida y la muerte)<\/strong> <\/em>&#8211; Mario Agudo Villanueva<\/a><\/li>\n<li><a href=\"https:\/\/drive.google.com\/file\/d\/17zTzIpqfnt205PETZDcZAFhf-_85gkFL\/view?usp=drive_link\"><em><strong>Mitos y Cuentos Egipcios de la \u00c9poca Fara\u00f3nica<\/strong><\/em> &#8211; Gustave Lefebvre<\/a><\/li>\n<li><a href=\"https:\/\/drive.google.com\/file\/d\/1sZKgp24wct89Uvz63FmT4xm-z-26QUFA\/view?usp=drive_link\"><em><strong>Los Ritos de Paso<\/strong><\/em> &#8211; Arnold Van Gennep<\/a><\/li>\n<li><a href=\"https:\/\/drive.google.com\/file\/d\/1cQbqP08PRuGjqYuv2tALfIM7AEaKN2Nh\/view?usp=drive_link\"><strong><em>La Religi\u00f3n Griega (Dioses y Hombres &#8211; Santuarios, Rituales y Mitos)<\/em> <\/strong>&#8211; Jan N. Bremmer<\/a><\/li>\n<li><a href=\"https:\/\/drive.google.com\/file\/d\/1qP-jQ49dZ3ANNFbkYVeBJcfbEaANaS3d\/view?usp=drive_link\"><em><strong>El Libro Egipcio de la Vida y la Muerte<\/strong> <\/em>&#8211; Fletcher Joann\u00a0<\/a><\/li>\n<li><a href=\"https:\/\/drive.google.com\/file\/d\/1H_CuHB-KdjVE4s9mBUQIrLAhl0qmdoD8\/view?usp=drive_link\"><em><strong>El Libro Tibetano de la Vida y la Muerte<\/strong><\/em> &#8211; Sogyal Rimpoche<\/a><\/li>\n<li><a href=\"https:\/\/drive.google.com\/file\/d\/18c1NCP_cQp9WvTdNgwyEMIyG5dSP25wX\/view?usp=drive_link\"><em><strong>El Libro De La Brujer\u00eda Sajona<\/strong><\/em> &#8211; Raymond Buckland<\/a><\/li>\n<li><a href=\"https:\/\/drive.google.com\/file\/d\/1yluWk_QPEHbA_s5Z3ZHBNZZZZ2pEVlue\/view?usp=drive_link\"><strong><em>\u00bfQu\u00e9 es la Wicca? (La Brujer\u00eda de hoy)<\/em> <\/strong>&#8211; Scott Cunningham<\/a><\/li>\n<\/ul>\n\t<p><em><strong>Historia &amp; Filosof\u00eda:<\/strong><\/em><\/p>\n<ul>\n<li><a href=\"https:\/\/drive.google.com\/file\/d\/1pkgeeBbsYcnSJmy-65h75_9CaJl1dehZ\/view?usp=drive_link\"><em><strong>Historia de las Doctrinas Filos\u00f3ficas<\/strong><\/em> &#8211; Ernesto Priani &amp; Itzel L\u00f3pez<\/a><\/li>\n<li><a href=\"https:\/\/drive.google.com\/file\/d\/1M2ofHDwQMm-OkZApEXStFSReDE3oxTuF\/view?usp=drive_link\"><em><strong>Historia de la Magia<\/strong> <\/em>&#8211; Eliphas Levi<\/a><\/li>\n<li><a href=\"https:\/\/drive.google.com\/file\/d\/1kP9a4LyMMXKpbzwYrRhSyzyrmTSPnvHZ\/view?usp=drive_link\"><em><strong>Filosof\u00eda y M\u00edstica<\/strong> <\/em>&#8211; Salvador P\u00e1niker<\/a><\/li>\n<li><a href=\"https:\/\/drive.google.com\/file\/d\/1Yxt-JImI6r7DaYf0_4h7ysdFsxX3mtUq\/view?usp=drive_link\"><em><strong>El Poder del Mito<\/strong><\/em> &#8211; Joseph Campbell<\/a><\/li>\n<li><a href=\"https:\/\/drive.google.com\/file\/d\/1YzyidDcm1_6qDeVf56Adux1PmwYtm7-E\/view?usp=drive_link\"><em><strong>Bardo Thodol (El Libro Tibetano)<\/strong> <\/em>&#8211; Padmasambhava<\/a><\/li>\n<li><a href=\"https:\/\/drive.google.com\/file\/d\/1tUO8SCutf4_aBwm6h4fLa_LIhhHIV0yg\/view?usp=drive_link\"><em><strong>Manual Introductorio al Budismo Zen\u00a0<\/strong><\/em><\/a><\/li>\n<li><a href=\"https:\/\/drive.google.com\/file\/d\/1L2qyqLIZOy-gbuC1O-8-kT-wveeKxfhS\/view?usp=drive_link\"><strong><em>El Abogado de las Brujas<\/em> <\/strong>&#8211; Gustav Henningsen<\/a><\/li>\n<li><a href=\"https:\/\/drive.google.com\/file\/d\/17UJqVvd87dGNBJzJWFaQY8Kxtt86gqtj\/view?usp=drive_link\"><strong><em>El Kybalion<\/em><\/strong> &#8211; Los Misterios de Hermes<\/a><\/li>\n<li><a href=\"https:\/\/drive.google.com\/file\/d\/1ijknVMri_kWSQUgUCV55l_7ILqq8Nmui\/view?usp=drive_link\"><em><strong>El Dios de Todos<\/strong><\/em> &#8211; Osho<\/a><\/li>\n<li><a href=\"https:\/\/drive.google.com\/file\/d\/1VXQkfvOcHcDw2pZnRmOh_6oULefVzN3_\/view?usp=drive_link\"><em><strong>Yoga y Budismo<\/strong><\/em> &#8211; Maria del Mar<\/a><\/li>\n<li><a href=\"https:\/\/drive.google.com\/file\/d\/1_P2tD9xVnFh3-DmnckRRl1KhGG_oVqsX\/view?usp=drive_link\"><em><strong>Vedanta Advaita<\/strong><\/em> &#8211; Practica Meditativa de la No Dualidad<\/a><\/li>\n<li><a href=\"https:\/\/drive.google.com\/file\/d\/1gxNvnCKpM1i4RmkEFYBtqTKApIjmwWaQ\/view?usp=drive_link\"><em><strong>Tao te Ching (Los Libros del Tao)<\/strong><\/em> &#8211; Lao Tse<\/a><\/li>\n<li><a href=\"https:\/\/drive.google.com\/file\/d\/1L3e6V-fd-ND8mSY-9kmCdmOU4avBPxu8\/view?usp=drive_link\"><em><strong>Tantra el Culto de lo Femenino<\/strong><\/em> &#8211; Andre Van Lysebeth<\/a><\/li>\n<li><a href=\"https:\/\/drive.google.com\/file\/d\/1T1ME2_AiNENdWo9pGZnu5tjpKrcympX3\/view?usp=drive_link\"><em><strong>Smith Huston<\/strong> <\/em>&#8211; Las Religiones del Mundo<\/a><\/li>\n<li><a href=\"https:\/\/drive.google.com\/file\/d\/1a-QaAstC8NOhuxenR6rX0mJbLtNTsTuw\/view?usp=drive_link\"><em><strong>Malleus Maleficarum<\/strong><\/em> &#8211; Heinrich Kramer &amp; Jacobus Sprenger<\/a><\/li>\n<li><a href=\"https:\/\/drive.google.com\/file\/d\/1qNS0aHF6pK5pYskSWrVTINIW4qiMNtC3\/view?usp=drive_link\"><em><strong>El origen salvaje (Ritos de Sacrificio y Mito entre los Griegos)<\/strong> <\/em>&#8211; Walter Burkert<\/a><\/li>\n<li><a href=\"https:\/\/drive.google.com\/file\/d\/1ZqlMsNXGf6M4odGL3MJ5XiWttAtxN8QB\/view?usp=drive_link\"><em><strong>El Mito y el Hombre<\/strong><\/em> &#8211; Roger Caillois<\/a><\/li>\n<\/ul>\n\t<p><em><strong>\u00a0Magia &amp; Alquimia:<\/strong><\/em><\/p>\n<ul>\n<li><a href=\"https:\/\/drive.google.com\/file\/d\/1PI7RaT4lHZw6WU85aQau7rJP4RXbV2u3\/view?usp=drive_link\"><em><strong>Hacer Magia<\/strong> <\/em>&#8211; Edain McCoy<\/a><\/li>\n<li><a href=\"https:\/\/drive.google.com\/file\/d\/1V7sjc1oCzqswIjk-05HzzLTMdizRxmuu\/view?usp=drive_link\"><em><strong>El Arte Completo De La Brujer\u00eda<\/strong><\/em> &#8211; Sybil Leek<\/a><\/li>\n<li><a href=\"https:\/\/drive.google.com\/file\/d\/15qXLY3oCRuAV3H3j68MY-L01MYR-xq7g\/view?usp=drive_link\"><em><strong>El Libro De Las Brujas<\/strong><\/em> &#8211; Lucy Summers<\/a><\/li>\n<li><a href=\"https:\/\/drive.google.com\/file\/d\/1lKrXpr1cYXDKY57gld_b0XD2RpR20TDe\/view?usp=drive_link\"><strong><em>La Biblia de las Brujas (I)<\/em><\/strong> &#8211; Janet y Stewart Farrar<\/a><\/li>\n<li><a href=\"https:\/\/drive.google.com\/file\/d\/1ueigDBblv6HSI9PirQQMmRtZ4iZvXpq1\/view?usp=drive_link\"><strong><em>La Biblia de las Brujas (II)<\/em><\/strong> &#8211; Janet y Stewart Farrar<\/a><\/li>\n<li><a href=\"https:\/\/drive.google.com\/file\/d\/16wXuKuUnVrnoP3VihRoyinX1tIsJzh5B\/view?usp=drive_link\"><strong><em>La Gran Madre Luna<\/em><\/strong> &#8211; Zsuzsanna Budapest\u00a0<\/a><\/li>\n<li><a href=\"https:\/\/drive.google.com\/file\/d\/1aix0PcuWKKAOajIM4Xj__RzBTBzsnJ1f\/view?usp=drive_link\"><em><strong>Wicca<\/strong> <\/em>&#8211; Scott Cunningham<\/a><\/li>\n<li><a href=\"https:\/\/drive.google.com\/file\/d\/1_s-zYHD1ZADmo9qNGq2cEPdq0JxSat60\/view?usp=drive_link\"><strong><em>La Bruja Verde<\/em><\/strong> &#8211; Arin Murphy Hiscock<\/a><\/li>\n<li><a href=\"https:\/\/drive.google.com\/file\/d\/1CouVbIKUuscV0dyhUMfkrarPbYssz5bf\/view?usp=drive_link\"><em><strong>El Renacimiento M\u00e1gico<\/strong> <\/em>&#8211; Grant Kenneth<\/a><\/li>\n<li><a href=\"https:\/\/drive.google.com\/file\/d\/1PAjlr6KNd0kMqL1NuoggNVQ0AE6d-oOA\/view?usp=drive_link\"><em><strong>Iniciaci\u00f3n a la Magia Ritual<\/strong><\/em> &#8211; Joan Tudela<\/a><\/li>\n<li><a href=\"https:\/\/drive.google.com\/file\/d\/17pRK7m9nFdzklU1ha043nq1dwMZxZaHE\/view?usp=drive_link\"><em><strong>Los Seres Elementales de la Naturaleza<\/strong><\/em> &#8211; Jorge \u00c1ngel Livraga<\/a><\/li>\n<li><a href=\"https:\/\/drive.google.com\/file\/d\/144PKi9gy9gI8WrsyhRi-ZaF0eyU7XzrN\/view?usp=drive_link\"><strong><em>Enciclopedia de la Magia y el Ocultismo<\/em><\/strong> &#8211; Sebasti\u00e1n Mart\u00ednez<\/a><\/li>\n<\/ul>\n\t<p><em><strong>Almanaque M\u00e1gico:<\/strong><\/em><\/p>\n<ul>\n<li><a href=\"https:\/\/drive.google.com\/file\/d\/1odZ-eyR18bEV-b-KQ5cVNo7KWbiIJ-Nr\/view?usp=drive_link\"><strong><em>La Biblia de los Cristales<\/em> <\/strong>&#8211; Judy Hall<\/a><\/li>\n<li><a href=\"https:\/\/drive.google.com\/file\/d\/1jc6LXVA8_AFRxAc4phbNOj1jLFPvbNCk\/view?usp=drive_link\"><strong><em>La Fuerza Secreta de los Cuarzos<\/em> <\/strong>&#8211; Sara Maya de Toyber<\/a><\/li>\n<li><a href=\"https:\/\/drive.google.com\/file\/d\/1Pq7LELXyeYEZEjSu-GR97w5LRuMyCePH\/view?usp=drive_link\"><em><strong>Enciclopedia de Plantas Medicinales<\/strong><\/em> &#8211; Andrew Chevallier<\/a><\/li>\n<li><a href=\"https:\/\/drive.google.com\/file\/d\/16pQbWO9mxe5jYWYvQeCqZbwERBgqDn1y\/view?usp=drive_link\"><em><strong>Rituales Pr\u00e1cticos con Velas<\/strong><\/em> &#8211; Raymond Buckland<\/a><\/li>\n<li><a href=\"https:\/\/drive.google.com\/file\/d\/1tUepWSDfNkxwztR2nrB2n7ar29feDHvK\/view?usp=drive_link\"><em><strong>El Libro Verde (Botanica Magica)<\/strong> <\/em>Maestro Sri-Deva Fenix<\/a><\/li>\n<li><a href=\"https:\/\/drive.google.com\/file\/d\/1OzxZqjPCXyQSJoRUwX-zWN3gEO47IsaK\/view?usp=drive_link\"><em><strong>Gu\u00eda sobre los &#8220;Reinos Elementales&#8221;<\/strong><\/em><\/a><\/li>\n<li><a href=\"https:\/\/drive.google.com\/file\/d\/1ulFB3ps4D0MXQ-3gPW715XqLOW_DbYVf\/view?usp=drive_link\"><em><strong>Tratado de los Seres Elementales<\/strong><\/em> &#8211; Paracelso<\/a><\/li>\n<\/ul>\n\t<p><em><strong>Grimorios:<\/strong><\/em><\/p>\n<ul>\n<li><a href=\"https:\/\/drive.google.com\/file\/d\/10-J7rtL00Y5QfzYoUdUfet9oXXjmzzoR\/view?usp=drive_link\"><strong><em>Armades<\/em><\/strong> &#8211; Liber Armadel<\/a><\/li>\n<li><a href=\"https:\/\/drive.google.com\/file\/d\/1EzhISs2v4hDe4_aTy2b2RTDOYinQMBE8\/view?usp=drive_link\"><strong><em>El Libro de la Magia Sagrada<\/em><\/strong> &#8211; Abramerlin<\/a><\/li>\n<li><a href=\"https:\/\/drive.google.com\/file\/d\/1wJlmPUbWrFtN7g_thSGX9m4AAJABgzBU\/view?usp=drive_link\"><em><strong>El Lemegeton\u00a0 (La Llave Menor de Salom\u00f3n)<\/strong><\/em> &#8211; Ramael<\/a><\/li>\n<li><a href=\"https:\/\/drive.google.com\/file\/d\/1pEl0CEMEyyDgoAX2ewn9sCjXutTBi_D3\/view?usp=drive_link\"><em><strong>El Libro de San Cipriano<\/strong><\/em> &#8211; F\u00e9lix Fco. Castro Vicente<\/a><\/li>\n<li><a href=\"https:\/\/drive.google.com\/file\/d\/1wVaU4-FcaeLrpTABF1htzpGnFIZKg4tW\/view?usp=drive_link\"><em><strong>Picatrix<\/strong><\/em> &#8211; Marcelino Villegas<\/a><\/li>\n<\/ul>\n\n","protected":false},"excerpt":{"rendered":"<p>Te damos la bienvenida a nuestra Biblioteca Pagana (digital), aqu\u00ed podr\u00e1s encontrar una gran colecci\u00f3n de libros en PDF que de seguro ser\u00e1n muy \u00fatiles para tu aprendizaje en los caminos del Paganismo. Estos textos est\u00e1n disponibles para ti de manera gratuita y con la \u00fanica finalidad de que puedas emplearlos en tu aprendizaje. Como Santuario te invitamos a adquirir de manera formal los textos originales y dar as\u00ed el apoyo que sus autores merecen&#8230; Esta colecci\u00f3n corresponde a textos revisados por la comunidad del Santuario de la Diosa y contin\u00faa actualiz\u00e1ndose constantemente, puedes seguir las novedades del listado de textos disponibles a trav\u00e9s de nuestras redes sociales. \u00a1Disfruta el contenido! \u00a1que se expanda el conocimiento! \u00a1crezcamos como una comunidad informada, estudiosa, reflexiva y con criterio amplio! Aqu\u00ed solo encontrar\u00e1s un breve resumen con lo esencial para comenzar a estudiar &#8211; nuestra Biblioteca completa tiene una colecci\u00f3n con m\u00e1s de 1000 E-books (en espa\u00f1ol) que se encuentran disponibles para los estudiantes de nuestros cursos. Chamanismo: El Chamanismo y las T\u00e9cnicas Arcaicas del \u00c9xtasis &#8211; Mircea Eliade Chamanes a trav\u00e9s de los Tiempos &#8211; Nearby Y Huxley\u00a0 Los Chamanismos a Revisi\u00f3n &#8211; Joseph Fericgla Los Chamanes De M\u00e9xico (Vol I) &#8211; Jacobo Grinberg Los Chamanes De M\u00e9xico (Vol II) &#8211; Jacobo Grinberg Cham\u00e1n &#8220;El camino Tolteca&#8221; (Parte I) &#8211; Ken Eagle Feather Cham\u00e1n &#8220;El camino Tolteca&#8221; (Parte II) &#8211; Ken Eagle Feather Los cuatro Acuerdos (Sabidur\u00eda Tolteca) &#8211; Miguel Ruiz Paganismo: El Dios de los Brujos &#8211; Margaret Murray La Brujer\u00eda de hoy &#8211; Gerald Gardner\u00a0 Sobre los Misterios Egipcios &#8211; Pacheco S\u00e1nchez Odinismo y Asatr\u00fa (La Religi\u00f3n y el Culto Vikingo) Druidas (El esp\u00edritu del mundo Celta) Introducci\u00f3n al Asatr\u00fa &#8211; David Wolfheart H\u00e9cate (entre la vida y la muerte) &#8211; Mario Agudo Villanueva Mitos y Cuentos Egipcios de la \u00c9poca Fara\u00f3nica &#8211; Gustave Lefebvre Los Ritos de Paso &#8211; Arnold Van Gennep La Religi\u00f3n Griega (Dioses y Hombres &#8211; Santuarios, Rituales y Mitos) &#8211; Jan N. Bremmer El Libro Egipcio de la Vida y la Muerte &#8211; Fletcher Joann\u00a0 El Libro Tibetano de la Vida y la Muerte &#8211; Sogyal Rimpoche El Libro De La Brujer\u00eda Sajona &#8211; Raymond Buckland \u00bfQu\u00e9 es la Wicca? (La Brujer\u00eda de hoy) &#8211; Scott Cunningham Historia &amp; Filosof\u00eda: Historia de las Doctrinas Filos\u00f3ficas &#8211; Ernesto Priani &amp; Itzel L\u00f3pez Historia de la Magia &#8211; Eliphas Levi Filosof\u00eda y M\u00edstica &#8211; Salvador P\u00e1niker El Poder del Mito &#8211; Joseph Campbell Bardo Thodol (El Libro Tibetano) &#8211; Padmasambhava Manual Introductorio al Budismo Zen\u00a0 El Abogado de las Brujas &#8211; Gustav Henningsen El Kybalion &#8211; Los Misterios de Hermes El Dios de Todos &#8211; Osho Yoga y Budismo &#8211; Maria del Mar Vedanta Advaita &#8211; Practica Meditativa de la No Dualidad Tao te Ching (Los Libros del Tao) &#8211; Lao Tse Tantra el Culto de lo Femenino &#8211; Andre Van Lysebeth Smith Huston &#8211; Las Religiones del Mundo Malleus Maleficarum &#8211; Heinrich Kramer &amp; Jacobus Sprenger El origen salvaje (Ritos de Sacrificio y Mito entre los Griegos) &#8211; Walter Burkert El Mito y el Hombre &#8211; Roger Caillois \u00a0Magia &amp; Alquimia: Hacer Magia &#8211; Edain McCoy El Arte Completo De La Brujer\u00eda &#8211; Sybil Leek El Libro De Las Brujas &#8211; Lucy Summers La Biblia de las Brujas (I) &#8211; Janet y Stewart Farrar La Biblia de las Brujas (II) &#8211; Janet y Stewart Farrar La Gran Madre Luna &#8211; Zsuzsanna Budapest\u00a0 Wicca &#8211; Scott Cunningham La Bruja Verde &#8211; Arin Murphy Hiscock El Renacimiento M\u00e1gico &#8211; Grant Kenneth Iniciaci\u00f3n a la Magia Ritual &#8211; Joan Tudela Los Seres Elementales de la Naturaleza &#8211; Jorge \u00c1ngel Livraga Enciclopedia de la Magia y el Ocultismo &#8211; Sebasti\u00e1n Mart\u00ednez Almanaque M\u00e1gico: La Biblia de los Cristales &#8211; Judy Hall La Fuerza Secreta de los Cuarzos &#8211; Sara Maya de Toyber Enciclopedia de Plantas Medicinales &#8211; Andrew Chevallier Rituales Pr\u00e1cticos con Velas &#8211; Raymond Buckland El Libro Verde (Botanica Magica) Maestro Sri-Deva Fenix Gu\u00eda sobre los &#8220;Reinos Elementales&#8221; Tratado de los Seres Elementales &#8211; Paracelso Grimorios: Armades &#8211; Liber Armadel El Libro de la Magia Sagrada &#8211; Abramerlin El Lemegeton\u00a0 (La Llave Menor de Salom\u00f3n) &#8211; Ramael El Libro de San Cipriano &#8211; F\u00e9lix Fco. Castro Vicente Picatrix &#8211; Marcelino Villegas<\/p>\n","protected":false},"author":1,"featured_media":0,"parent":0,"menu_order":0,"comment_status":"closed","ping_status":"closed","template":"","meta":{"om_disable_all_campaigns":false},"acf":[],"_links":{"self":[{"href":"https:\/\/santuariodeladiosa.com\/index.php?rest_route=\/wp\/v2\/pages\/72"}],"collection":[{"href":"https:\/\/santuariodeladiosa.com\/index.php?rest_route=\/wp\/v2\/pages"}],"about":[{"href":"https:\/\/santuariodeladiosa.com\/index.php?rest_route=\/wp\/v2\/types\/page"}],"author":[{"embeddable":true,"href":"https:\/\/santuariodeladiosa.com\/index.php?rest_route=\/wp\/v2\/users\/1"}],"replies":[{"embeddable":true,"href":"https:\/\/santuariodeladiosa.com\/index.php?rest_route=%2Fwp%2Fv2%2Fcomments&post=72"}],"version-history":[{"count":15,"href":"https:\/\/santuariodeladiosa.com\/index.php?rest_route=\/wp\/v2\/pages\/72\/revisions"}],"predecessor-version":[{"id":476,"href":"https:\/\/santuariodeladiosa.com\/index.php?rest_route=\/wp\/v2\/pages\/72\/revisions\/476"}],"wp:attachment":[{"href":"https:\/\/santuariodeladiosa.com\/index.php?rest_route=%2Fwp%2Fv2%2Fmedia&parent=72"}],"curies":[{"name":"wp","href":"https:\/\/api.w.org\/{rel}","templated":true}]}}