{"id":542,"date":"2026-02-02T21:21:49","date_gmt":"2026-02-02T21:21:49","guid":{"rendered":"https:\/\/santuariodeladiosa.com\/?page_id=542"},"modified":"2026-02-10T16:08:46","modified_gmt":"2026-02-10T16:08:46","slug":"actividades","status":"publish","type":"page","link":"https:\/\/santuariodeladiosa.com\/?page_id=542","title":{"rendered":"Actividades"},"content":{"rendered":"\n\n\t\t\t\t<img decoding=\"async\" src=\"https:\/\/santuariodeladiosa.com\/wp-content\/uploads\/2026\/02\/desde-las-17hrs.png\" alt=\"desde las 17hrs\" itemprop=\"image\" height=\"1000\" width=\"1300\" title=\"desde las 17hrs\" onerror=\"this.style.display='none'\" loading=\"lazy\" \/>\n\t<p><em><strong>Las actividades no son abiertas a todo p\u00fablico <\/strong>ya que requieren de una comprensi\u00f3n del <strong>contexto hist\u00f3rico<\/strong>, <strong>cultural<\/strong> y <strong>simb\u00f3lico<\/strong> de las <strong>pr\u00e1cticas<\/strong> para conectar con su sentido m\u00e1s profundo y autentico. <strong>Estas solo est\u00e1n disponibles para los miembros de nuestra Comunidad.<\/strong><\/em><\/p>\n<p>&nbsp;<\/p>\n<p><em><strong>Si deseas asistir ten en cuenta:<\/strong><\/em><\/p>\n<ul>\n<li>Recuerda venir con<strong> ropa c\u00f3moda<\/strong> (prefiere fibras naturales).<\/li>\n<li>Puedes realizar <strong>peticiones ceremoniales<\/strong> (considera la ofrenda respectiva).<\/li>\n<li>Si lo deseas <strong>puedes traer algo para compartir con el grupo<\/strong> (<em>comestible<\/em> o <em>bebestible<\/em>).<\/li>\n<li><em><strong>No propiciamos el uso de sustancias<\/strong><\/em> durante nuestras pr\u00e1cticas.<\/li>\n<li><em><strong>De 17:00 a 18:00hrs la ceremonia est\u00e1 disponible online por si no puedes asistir presencial.<\/strong><\/em> Las practicas requieren de mayor privacidad y conexi\u00f3n por lo tanto no se comparten en este formato. <em><strong>Confirma tu asistencia:<\/strong><\/em>\u00a0ya sea <em><strong>presencial<\/strong> <\/em>u <strong><em>online<\/em><\/strong>.<\/li>\n<\/ul>\n\t\t\t\t<img decoding=\"async\" src=\"https:\/\/santuariodeladiosa.com\/wp-content\/uploads\/2026\/02\/Calendario-Actividades-Santuatrio-1.png\" alt=\"Calendario - Actividades Santuatrio (1)\" itemprop=\"image\" height=\"1000\" width=\"1300\" title=\"Calendario - Actividades Santuatrio (1)\" onerror=\"this.style.display='none'\" loading=\"lazy\" \/>\n\t\t\t\t<img decoding=\"async\" src=\"https:\/\/santuariodeladiosa.com\/wp-content\/uploads\/2026\/02\/Calendario-Actividades-Santuatrio-2.png\" alt=\"Calendario - Actividades Santuatrio (2)\" itemprop=\"image\" height=\"1000\" width=\"1300\" title=\"Calendario - Actividades Santuatrio (2)\" onerror=\"this.style.display='none'\" loading=\"lazy\" \/>\n\t\t\t\t<img decoding=\"async\" src=\"https:\/\/santuariodeladiosa.com\/wp-content\/uploads\/2026\/02\/Participa-en-las-Celebraciones.png\" alt=\"Participa en las Celebraciones\" itemprop=\"image\" height=\"1000\" width=\"1300\" title=\"Participa en las Celebraciones\" onerror=\"this.style.display='none'\" loading=\"lazy\" \/>\n\t\t\t\t<img decoding=\"async\" src=\"https:\/\/santuariodeladiosa.com\/wp-content\/uploads\/2026\/02\/Bazar-Pagano.png\" alt=\"Bazar Pagano\" itemprop=\"image\" height=\"1000\" width=\"1300\" title=\"Bazar Pagano\" onerror=\"this.style.display='none'\" loading=\"lazy\" \/>\n\t\t\t\t<a href=\"https:\/\/chat.whatsapp.com\/IOCh9dHe8qV076WiMyI5sf?mode=gi_t\" target=\"_self\" itemprop=\"url\" rel=\"noopener\">\n\t\t\t\t<img decoding=\"async\" src=\"https:\/\/santuariodeladiosa.com\/wp-content\/uploads\/2026\/01\/botones-widget-santuario-1.png\" alt=\"botones widget santuario (1)\" itemprop=\"image\" height=\"315\" width=\"851\" title=\"botones widget santuario (1)\" onerror=\"this.style.display='none'\" loading=\"lazy\" \/>\n\t\t\t\t<\/a>\n\n","protected":false},"excerpt":{"rendered":"<p>Las actividades no son abiertas a todo p\u00fablico ya que requieren de una comprensi\u00f3n del contexto hist\u00f3rico, cultural y simb\u00f3lico de las pr\u00e1cticas para conectar con su sentido m\u00e1s profundo y autentico. Estas solo est\u00e1n disponibles para los miembros de nuestra Comunidad. &nbsp; Si deseas asistir ten en cuenta: Recuerda venir con ropa c\u00f3moda (prefiere fibras naturales). Puedes realizar peticiones ceremoniales (considera la ofrenda respectiva). Si lo deseas puedes traer algo para compartir con el grupo (comestible o bebestible). No propiciamos el uso de sustancias durante nuestras pr\u00e1cticas. De 17:00 a 18:00hrs la ceremonia est\u00e1 disponible online por si no puedes asistir presencial. Las practicas requieren de mayor privacidad y conexi\u00f3n por lo tanto no se comparten en este formato. Confirma tu asistencia:\u00a0ya sea presencial u online.<\/p>\n","protected":false},"author":1,"featured_media":0,"parent":0,"menu_order":0,"comment_status":"closed","ping_status":"closed","template":"","meta":{"om_disable_all_campaigns":false},"acf":[],"_links":{"self":[{"href":"https:\/\/santuariodeladiosa.com\/index.php?rest_route=\/wp\/v2\/pages\/542"}],"collection":[{"href":"https:\/\/santuariodeladiosa.com\/index.php?rest_route=\/wp\/v2\/pages"}],"about":[{"href":"https:\/\/santuariodeladiosa.com\/index.php?rest_route=\/wp\/v2\/types\/page"}],"author":[{"embeddable":true,"href":"https:\/\/santuariodeladiosa.com\/index.php?rest_route=\/wp\/v2\/users\/1"}],"replies":[{"embeddable":true,"href":"https:\/\/santuariodeladiosa.com\/index.php?rest_route=%2Fwp%2Fv2%2Fcomments&post=542"}],"version-history":[{"count":6,"href":"https:\/\/santuariodeladiosa.com\/index.php?rest_route=\/wp\/v2\/pages\/542\/revisions"}],"predecessor-version":[{"id":556,"href":"https:\/\/santuariodeladiosa.com\/index.php?rest_route=\/wp\/v2\/pages\/542\/revisions\/556"}],"wp:attachment":[{"href":"https:\/\/santuariodeladiosa.com\/index.php?rest_route=%2Fwp%2Fv2%2Fmedia&parent=542"}],"curies":[{"name":"wp","href":"https:\/\/api.w.org\/{rel}","templated":true}]}}